{"id":3049,"date":"2018-08-19T09:46:08","date_gmt":"2018-08-19T08:46:08","guid":{"rendered":"http:\/\/www.europilote.eu\/WPress\/?page_id=3049"},"modified":"2021-09-11T18:06:30","modified_gmt":"2021-09-11T17:06:30","slug":"brevet-dinitiation-aeronautique-ulm","status":"publish","type":"page","link":"https:\/\/www.europilote.eu\/WPress\/brevet-dinitiation-aeronautique-ulm\/","title":{"rendered":"Brevet d&rsquo;Initiation A\u00e9ronautique ULM"},"content":{"rendered":"\t\t<div data-elementor-type=\"wp-post\" data-elementor-id=\"3049\" class=\"elementor elementor-3049 elementor-bc-flex-widget\">\n\t\t\t\t\t\t<div class=\"elementor-inner\">\n\t\t\t\t<div class=\"elementor-section-wrap\">\n\t\t\t\t\t\t\t\t\t<section class=\"elementor-section elementor-top-section elementor-element elementor-element-f9c0cfa elementor-section-boxed elementor-section-height-default elementor-section-height-default\" data-id=\"f9c0cfa\" data-element_type=\"section\">\n\t\t\t\t\t\t<div class=\"elementor-container elementor-column-gap-default\">\n\t\t\t\t\t\t\t<div class=\"elementor-row\">\n\t\t\t\t\t<div class=\"elementor-column elementor-col-100 elementor-top-column elementor-element elementor-element-6725a0d\" data-id=\"6725a0d\" data-element_type=\"column\">\n\t\t\t<div class=\"elementor-column-wrap elementor-element-populated\">\n\t\t\t\t\t\t\t<div class=\"elementor-widget-wrap\">\n\t\t\t\t\t\t<div class=\"elementor-element elementor-element-8303103 elementor-widget elementor-widget-image\" data-id=\"8303103\" data-element_type=\"widget\" data-widget_type=\"image.default\">\n\t\t\t\t<div class=\"elementor-widget-container\">\n\t\t\t\t\t\t\t\t<div class=\"elementor-image\">\n\t\t\t\t\t\t\t\t\t\t\t\t<img decoding=\"async\" width=\"423\" height=\"583\" src=\"https:\/\/www.europilote.eu\/WPress\/wp-content\/uploads\/2018\/08\/bia-50ans.png\" class=\"attachment-medium_large size-medium_large\" alt=\"\" loading=\"lazy\" srcset=\"https:\/\/www.europilote.eu\/WPress\/wp-content\/uploads\/2018\/08\/bia-50ans.png 423w, https:\/\/www.europilote.eu\/WPress\/wp-content\/uploads\/2018\/08\/bia-50ans-218x300.png 218w\" sizes=\"(max-width: 423px) 100vw, 423px\" \/>\t\t\t\t\t\t\t\t\t\t\t\t\t\t<\/div>\n\t\t\t\t\t\t<\/div>\n\t\t\t\t<\/div>\n\t\t\t\t\t\t<\/div>\n\t\t\t\t\t<\/div>\n\t\t<\/div>\n\t\t\t\t\t\t\t\t<\/div>\n\t\t\t\t\t<\/div>\n\t\t<\/section>\n\t\t\t\t<section class=\"elementor-section elementor-top-section elementor-element elementor-element-019543e elementor-section-boxed elementor-section-height-default elementor-section-height-default\" data-id=\"019543e\" data-element_type=\"section\">\n\t\t\t\t\t\t<div class=\"elementor-container elementor-column-gap-default\">\n\t\t\t\t\t\t\t<div class=\"elementor-row\">\n\t\t\t\t\t<div class=\"elementor-column elementor-col-100 elementor-top-column elementor-element elementor-element-bf69685\" data-id=\"bf69685\" data-element_type=\"column\">\n\t\t\t<div class=\"elementor-column-wrap elementor-element-populated\">\n\t\t\t\t\t\t\t<div class=\"elementor-widget-wrap\">\n\t\t\t\t\t\t<div class=\"elementor-element elementor-element-601467c elementor-widget elementor-widget-heading\" data-id=\"601467c\" data-element_type=\"widget\" data-widget_type=\"heading.default\">\n\t\t\t\t<div class=\"elementor-widget-container\">\n\t\t\t<h2 class=\"elementor-heading-title elementor-size-default\">Le BIA ULM, qu'est ce que c'est ?<\/h2>\t\t<\/div>\n\t\t\t\t<\/div>\n\t\t\t\t\t\t<\/div>\n\t\t\t\t\t<\/div>\n\t\t<\/div>\n\t\t\t\t\t\t\t\t<\/div>\n\t\t\t\t\t<\/div>\n\t\t<\/section>\n\t\t\t\t<section class=\"elementor-section elementor-top-section elementor-element elementor-element-177c095 elementor-section-boxed elementor-section-height-default elementor-section-height-default\" data-id=\"177c095\" data-element_type=\"section\">\n\t\t\t\t\t\t<div class=\"elementor-container elementor-column-gap-default\">\n\t\t\t\t\t\t\t<div class=\"elementor-row\">\n\t\t\t\t\t<div class=\"elementor-column elementor-col-100 elementor-top-column elementor-element elementor-element-5ac0fa5\" data-id=\"5ac0fa5\" data-element_type=\"column\">\n\t\t\t<div class=\"elementor-column-wrap elementor-element-populated\">\n\t\t\t\t\t\t\t<div class=\"elementor-widget-wrap\">\n\t\t\t\t\t\t<div class=\"elementor-element elementor-element-c4d5e30 elementor-widget elementor-widget-text-editor\" data-id=\"c4d5e30\" data-element_type=\"widget\" data-widget_type=\"text-editor.default\">\n\t\t\t\t<div class=\"elementor-widget-container\">\n\t\t\t\t\t\t\t\t<div class=\"elementor-text-editor elementor-clearfix\">\n\t\t\t\t<p>Le Brevet d&rsquo;Initiation A\u00e9ronautique est un dipl\u00f4me d\u00e9cern\u00e9 par le Minist\u00e8re de l&rsquo;Education Nationale aux jeunes ayant pass\u00e9 avec succ\u00e8s l&rsquo;examen national qui a lieu chaque ann\u00e9e au mois de mai. Il sanctionne des connaissances g\u00e9n\u00e9rales et particuli\u00e8res dans la classe consid\u00e9r\u00e9e.<\/p><p>L&rsquo;examen est organis\u00e9 par les acad\u00e9mies. Il prend la forme d&rsquo;un<span>\u00a0<\/span><a href=\"https:\/\/fr.wikipedia.org\/wiki\/Questionnaire_%C3%A0_choix_multiples\" title=\"Questionnaire \u00e0 choix multiples\">questionnaire \u00e0 choix multiples<\/a><span>\u00a0<\/span>(QCM) de 100 questions qui portent sur cinq th\u00e8mes (20 points par th\u00e8me)<sup id=\"cite_ref-3\" class=\"reference\"><\/sup>\u00a0:<\/p><h2><\/h2><h1><\/h1><ul><li><span style=\"color: #333333;\">m\u00e9t\u00e9orologie et a\u00e9rologie<\/span><\/li><\/ul><ul><li><span style=\"color: #333333;\"><a href=\"https:\/\/fr.wikipedia.org\/wiki\/A%C3%A9rodynamique\" title=\"A\u00e9rodynamique\" style=\"color: #333333;\">a\u00e9rodynamique<\/a>, a\u00e9rostatique et principes du vol\u00a0<\/span><\/li><\/ul><ul><li><span style=\"color: #333333;\"><a href=\"https:\/\/fr.wikipedia.org\/wiki\/A%C3%A9ronef\" title=\"A\u00e9ronef\" style=\"color: #333333;\">\u00e9tude des a\u00e9ronefs et des engins spatiaux<\/a>\u00a0<\/span><\/li><\/ul><ul><li><span style=\"color: #333333;\"><a href=\"https:\/\/fr.wikipedia.org\/wiki\/R%C3%A8glementation\" class=\"mw-redirect\" title=\"R\u00e8glementation\" style=\"color: #333333;\">r\u00e9glementation<\/a>,\u00a0<a href=\"https:\/\/fr.wikipedia.org\/wiki\/Navigation\" title=\"Navigation\" style=\"color: #333333;\">navigation<\/a>\u00a0et s\u00e9curit\u00e9 des vols\u00a0<\/span><\/li><\/ul><ul><li><span style=\"color: #333333;\"><a href=\"https:\/\/fr.wikipedia.org\/wiki\/Cat%C3%A9gorie:Histoire_de_l%27a%C3%A9ronautique\" title=\"Cat\u00e9gorie:Histoire de l'a\u00e9ronautique\" style=\"color: #333333;\">histoire et culture de l&rsquo;a\u00e9ronautique<\/a>\u00a0et du spatial.<\/span><\/li><\/ul><p><span>La note z\u00e9ro est \u00e9liminatoire, sauf pour l&rsquo;\u00e9preuve facultative. Chaque question vaut 1 point. Une r\u00e9ponse fausse n&rsquo;apporte pas de points. Les cinq th\u00e8mes ont tous le coefficient 1. Seuls les points au-dessus de 10 sont pris en compte pour l&rsquo;\u00e9preuve facultative. L&rsquo;ensemble des \u00e9preuves obligatoires dure 2 h 30 min. Un total de <span style=\"color: #3366ff;\">50 points sur 100<\/span> est exig\u00e9 pour obtenir l&rsquo;examen.<\/span><\/p><p>En plus d&rsquo;\u00eatre un v\u00e9ritable dipl\u00f4me officiellement reconnu en France notamment pour l&rsquo;acc\u00e8s \u00e0 des formations a\u00e9ronautiques sup\u00e9rieures, Il donne droit \u00e0 des subventions f\u00e9d\u00e9rales nationales pour obtenir des brevets de pilotage, cumulable avec les aides jeunes-pilotes des diff\u00e9rentes f\u00e9d\u00e9rations a\u00e9ronautiques :<\/p><p>&#8211; <span style=\"color: #3366ff;\">40\u20ac sur un vol d&rsquo;initiation<\/span> au pilotage d&rsquo;un avion ultra l\u00e9ger vers\u00e9 \u00e0 Europilote et d\u00e9duit, par exemple, d&rsquo;un stage en vol\u00a0<\/p><p>&#8211; <span style=\"color: #3366ff;\">150\u20ac sur un cursus complet<\/span> de brevet ULM multiaxe ou avion commenc\u00e9 post\u00e9rieurement au BIA.<\/p><p>Selon les ann\u00e9es, la f\u00e9d\u00e9ration r\u00e9gionale va compl\u00e9ter ces subventions par des cr\u00e9dits d&rsquo;heures de vol dont le montant n&rsquo;est pas fixe, mais fonction du budget associatif. En 2018, il \u00e9tait de 200\u20ac.<\/p>\t\t\t\t\t<\/div>\n\t\t\t\t\t\t<\/div>\n\t\t\t\t<\/div>\n\t\t\t\t\t\t<\/div>\n\t\t\t\t\t<\/div>\n\t\t<\/div>\n\t\t\t\t\t\t\t\t<\/div>\n\t\t\t\t\t<\/div>\n\t\t<\/section>\n\t\t\t\t<section class=\"elementor-section elementor-top-section elementor-element elementor-element-6f8be68 elementor-section-boxed elementor-section-height-default elementor-section-height-default\" data-id=\"6f8be68\" data-element_type=\"section\">\n\t\t\t\t\t\t<div class=\"elementor-container elementor-column-gap-default\">\n\t\t\t\t\t\t\t<div class=\"elementor-row\">\n\t\t\t\t\t<div class=\"elementor-column elementor-col-100 elementor-top-column elementor-element elementor-element-14107ca\" data-id=\"14107ca\" data-element_type=\"column\">\n\t\t\t<div class=\"elementor-column-wrap elementor-element-populated\">\n\t\t\t\t\t\t\t<div class=\"elementor-widget-wrap\">\n\t\t\t\t\t\t<div class=\"elementor-element elementor-element-de19714 elementor-widget elementor-widget-spacer\" data-id=\"de19714\" data-element_type=\"widget\" data-widget_type=\"spacer.default\">\n\t\t\t\t<div class=\"elementor-widget-container\">\n\t\t\t\t\t<div class=\"elementor-spacer\">\n\t\t\t<div class=\"elementor-spacer-inner\"><\/div>\n\t\t<\/div>\n\t\t\t\t<\/div>\n\t\t\t\t<\/div>\n\t\t\t\t\t\t<\/div>\n\t\t\t\t\t<\/div>\n\t\t<\/div>\n\t\t\t\t\t\t\t\t<\/div>\n\t\t\t\t\t<\/div>\n\t\t<\/section>\n\t\t\t\t<section class=\"elementor-section elementor-top-section elementor-element elementor-element-25a9b37 elementor-section-boxed elementor-section-height-default elementor-section-height-default\" data-id=\"25a9b37\" data-element_type=\"section\">\n\t\t\t\t\t\t<div class=\"elementor-container elementor-column-gap-default\">\n\t\t\t\t\t\t\t<div class=\"elementor-row\">\n\t\t\t\t\t<div class=\"elementor-column elementor-col-100 elementor-top-column elementor-element elementor-element-06e6aa7\" data-id=\"06e6aa7\" data-element_type=\"column\">\n\t\t\t<div class=\"elementor-column-wrap elementor-element-populated\">\n\t\t\t\t\t\t\t<div class=\"elementor-widget-wrap\">\n\t\t\t\t\t\t<div class=\"elementor-element elementor-element-2fc43c1 elementor-widget elementor-widget-heading\" data-id=\"2fc43c1\" data-element_type=\"widget\" data-widget_type=\"heading.default\">\n\t\t\t\t<div class=\"elementor-widget-container\">\n\t\t\t<h2 class=\"elementor-heading-title elementor-size-default\">Comment s'inscrire au BIA-ULM ?<\/h2>\t\t<\/div>\n\t\t\t\t<\/div>\n\t\t\t\t\t\t<\/div>\n\t\t\t\t\t<\/div>\n\t\t<\/div>\n\t\t\t\t\t\t\t\t<\/div>\n\t\t\t\t\t<\/div>\n\t\t<\/section>\n\t\t\t\t<section class=\"elementor-section elementor-top-section elementor-element elementor-element-23f4cce elementor-section-boxed elementor-section-height-default elementor-section-height-default\" data-id=\"23f4cce\" data-element_type=\"section\">\n\t\t\t\t\t\t<div class=\"elementor-container elementor-column-gap-default\">\n\t\t\t\t\t\t\t<div class=\"elementor-row\">\n\t\t\t\t\t<div class=\"elementor-column elementor-col-100 elementor-top-column elementor-element elementor-element-77fbd45\" data-id=\"77fbd45\" data-element_type=\"column\">\n\t\t\t<div class=\"elementor-column-wrap elementor-element-populated\">\n\t\t\t\t\t\t\t<div class=\"elementor-widget-wrap\">\n\t\t\t\t\t\t<div class=\"elementor-element elementor-element-841633a elementor-widget elementor-widget-text-editor\" data-id=\"841633a\" data-element_type=\"widget\" data-widget_type=\"text-editor.default\">\n\t\t\t\t<div class=\"elementor-widget-container\">\n\t\t\t\t\t\t\t\t<div class=\"elementor-text-editor elementor-clearfix\">\n\t\t\t\t<p>En troisi\u00e8me ann\u00e9e de <b>Section A\u00e9ro<\/b>, il est possible de suivre les 9 cours compl\u00e9mentaires aux cours th\u00e9oriques compris dans le programme th\u00e9orique ULM et ce gratuitement.<span style=\"font-size: inherit;\">\u00a0L&rsquo;ensemble de ces enseignements couvre le programme officiel du <\/span><b style=\"font-family: inherit; font-size: inherit;\">BIA-ULM<\/b><span style=\"font-size: inherit;\">. Cependant, orient\u00e9 culture g\u00e9n\u00e9rale, l&rsquo;examen du<\/span><b style=\"font-family: inherit; font-size: inherit;\"> BIA-ULM<\/b><span style=\"font-size: inherit;\"> requiert un travail personnel r\u00e9gulier de recherche de compl\u00e9ments d&rsquo;information et la lecture d&rsquo;ouvrages g\u00e9n\u00e9raux sur l&rsquo;a\u00e9ronautique et l&rsquo;espace.<\/span><\/p><p>Les 18 cours (2 sessions pour les 9 th\u00e9matiques) ont lieu le samedi matin \u00e0 10h45.<\/p><p>L&rsquo;inscription \u00e0 l&rsquo;option <b>BIA-ULM<\/b> se fait lors de la rentr\u00e9e de la <b>Section A\u00e9ro<\/b>.<\/p><p>L&rsquo;inscription \u00e0 l&rsquo;examen se fait par l&rsquo;\u00e9tablissement de La Perverie suite \u00e0 la parution du d\u00e9cret minist\u00e9riel et acad\u00e9mique, en g\u00e9n\u00e9ral entre d\u00e9but f\u00e9vrier et d\u00e9but mars. L&rsquo;\u00e9preuve a lieu en g\u00e9n\u00e9ral mi-mai un mercredi apr\u00e8s-midi et est annonc\u00e9e dans les actualit\u00e9s et ci-dessous.<\/p><p><\/p>\t\t\t\t\t<\/div>\n\t\t\t\t\t\t<\/div>\n\t\t\t\t<\/div>\n\t\t\t\t\t\t<\/div>\n\t\t\t\t\t<\/div>\n\t\t<\/div>\n\t\t\t\t\t\t\t\t<\/div>\n\t\t\t\t\t<\/div>\n\t\t<\/section>\n\t\t\t\t<section class=\"elementor-section elementor-top-section elementor-element elementor-element-f32db4f elementor-section-boxed elementor-section-height-default elementor-section-height-default\" data-id=\"f32db4f\" data-element_type=\"section\">\n\t\t\t\t\t\t<div class=\"elementor-container elementor-column-gap-default\">\n\t\t\t\t\t\t\t<div class=\"elementor-row\">\n\t\t\t\t\t<div class=\"elementor-column elementor-col-100 elementor-top-column elementor-element elementor-element-030d72a\" data-id=\"030d72a\" data-element_type=\"column\">\n\t\t\t<div class=\"elementor-column-wrap elementor-element-populated\">\n\t\t\t\t\t\t\t<div class=\"elementor-widget-wrap\">\n\t\t\t\t\t\t<div class=\"elementor-element elementor-element-864c12e elementor-widget elementor-widget-spacer\" data-id=\"864c12e\" data-element_type=\"widget\" data-widget_type=\"spacer.default\">\n\t\t\t\t<div class=\"elementor-widget-container\">\n\t\t\t\t\t<div class=\"elementor-spacer\">\n\t\t\t<div class=\"elementor-spacer-inner\"><\/div>\n\t\t<\/div>\n\t\t\t\t<\/div>\n\t\t\t\t<\/div>\n\t\t\t\t\t\t<\/div>\n\t\t\t\t\t<\/div>\n\t\t<\/div>\n\t\t\t\t\t\t\t\t<\/div>\n\t\t\t\t\t<\/div>\n\t\t<\/section>\n\t\t\t\t<section class=\"elementor-section elementor-top-section elementor-element elementor-element-53e27a3 elementor-section-boxed elementor-section-height-default elementor-section-height-default\" data-id=\"53e27a3\" data-element_type=\"section\">\n\t\t\t\t\t\t<div class=\"elementor-container elementor-column-gap-default\">\n\t\t\t\t\t\t\t<div class=\"elementor-row\">\n\t\t\t\t\t<div class=\"elementor-column elementor-col-100 elementor-top-column elementor-element elementor-element-43a52bd\" data-id=\"43a52bd\" data-element_type=\"column\">\n\t\t\t<div class=\"elementor-column-wrap elementor-element-populated\">\n\t\t\t\t\t\t\t<div class=\"elementor-widget-wrap\">\n\t\t\t\t\t\t<div class=\"elementor-element elementor-element-2d87cc7 elementor-widget elementor-widget-heading\" data-id=\"2d87cc7\" data-element_type=\"widget\" data-widget_type=\"heading.default\">\n\t\t\t\t<div class=\"elementor-widget-container\">\n\t\t\t<h2 class=\"elementor-heading-title elementor-size-default\">BIA-ULM 2021 : les dates sont parues<\/h2>\t\t<\/div>\n\t\t\t\t<\/div>\n\t\t\t\t\t\t<\/div>\n\t\t\t\t\t<\/div>\n\t\t<\/div>\n\t\t\t\t\t\t\t\t<\/div>\n\t\t\t\t\t<\/div>\n\t\t<\/section>\n\t\t\t\t<section class=\"elementor-section elementor-top-section elementor-element elementor-element-1e5eed0 elementor-section-boxed elementor-section-height-default elementor-section-height-default\" data-id=\"1e5eed0\" data-element_type=\"section\">\n\t\t\t\t\t\t<div class=\"elementor-container elementor-column-gap-default\">\n\t\t\t\t\t\t\t<div class=\"elementor-row\">\n\t\t\t\t\t<div class=\"elementor-column elementor-col-100 elementor-top-column elementor-element elementor-element-e1d641c\" data-id=\"e1d641c\" data-element_type=\"column\">\n\t\t\t<div class=\"elementor-column-wrap elementor-element-populated\">\n\t\t\t\t\t\t\t<div class=\"elementor-widget-wrap\">\n\t\t\t\t\t\t<div class=\"elementor-element elementor-element-897708e elementor-widget elementor-widget-text-editor\" data-id=\"897708e\" data-element_type=\"widget\" data-widget_type=\"text-editor.default\">\n\t\t\t\t<div class=\"elementor-widget-container\">\n\t\t\t\t\t\t\t\t<div class=\"elementor-text-editor elementor-clearfix\">\n\t\t\t\t<p>La circulaire acad\u00e9mique organisant l&rsquo;inscription et l&rsquo;examen au BIA-ULM 2021 est parue.<\/p><p>L&rsquo;\u00e9preuve aura lieu le <b>mercredi 19 mai \u00e0 14h<\/b>\u00a0(lieu \u00e0 pr\u00e9ciser).<\/p>\t\t\t\t\t<\/div>\n\t\t\t\t\t\t<\/div>\n\t\t\t\t<\/div>\n\t\t\t\t\t\t<\/div>\n\t\t\t\t\t<\/div>\n\t\t<\/div>\n\t\t\t\t\t\t\t\t<\/div>\n\t\t\t\t\t<\/div>\n\t\t<\/section>\n\t\t\t\t\t\t\t\t\t<\/div>\n\t\t\t<\/div>\n\t\t\t\t\t<\/div>\n\t\t","protected":false},"excerpt":{"rendered":"<p>Le BIA ULM, qu&rsquo;est ce que c&rsquo;est ? Le Brevet d&rsquo;Initiation A\u00e9ronautique est un dipl\u00f4me d\u00e9cern\u00e9 par le Minist\u00e8re de l&rsquo;Education Nationale aux jeunes ayant pass\u00e9 avec succ\u00e8s l&rsquo;examen national qui a lieu chaque ann\u00e9e<a class=\"moretag\" href=\"https:\/\/www.europilote.eu\/WPress\/brevet-dinitiation-aeronautique-ulm\/\"> Lire la suite&hellip;<\/a><\/p>\n","protected":false},"author":13,"featured_media":0,"parent":0,"menu_order":0,"comment_status":"closed","ping_status":"closed","template":"","meta":{"_bbp_topic_count":0,"_bbp_reply_count":0,"_bbp_total_topic_count":0,"_bbp_total_reply_count":0,"_bbp_voice_count":0,"_bbp_anonymous_reply_count":0,"_bbp_topic_count_hidden":0,"_bbp_reply_count_hidden":0,"_bbp_forum_subforum_count":0},"_links":{"self":[{"href":"https:\/\/www.europilote.eu\/WPress\/wp-json\/wp\/v2\/pages\/3049"}],"collection":[{"href":"https:\/\/www.europilote.eu\/WPress\/wp-json\/wp\/v2\/pages"}],"about":[{"href":"https:\/\/www.europilote.eu\/WPress\/wp-json\/wp\/v2\/types\/page"}],"author":[{"embeddable":true,"href":"https:\/\/www.europilote.eu\/WPress\/wp-json\/wp\/v2\/users\/13"}],"replies":[{"embeddable":true,"href":"https:\/\/www.europilote.eu\/WPress\/wp-json\/wp\/v2\/comments?post=3049"}],"version-history":[{"count":21,"href":"https:\/\/www.europilote.eu\/WPress\/wp-json\/wp\/v2\/pages\/3049\/revisions"}],"predecessor-version":[{"id":6239,"href":"https:\/\/www.europilote.eu\/WPress\/wp-json\/wp\/v2\/pages\/3049\/revisions\/6239"}],"wp:attachment":[{"href":"https:\/\/www.europilote.eu\/WPress\/wp-json\/wp\/v2\/media?parent=3049"}],"curies":[{"name":"wp","href":"https:\/\/api.w.org\/{rel}","templated":true}]}}