{"id":3069,"date":"2018-08-21T07:11:04","date_gmt":"2018-08-21T06:11:04","guid":{"rendered":"http:\/\/www.europilote.eu\/WPress\/?page_id=3069"},"modified":"2025-08-19T18:07:46","modified_gmt":"2025-08-19T17:07:46","slug":"planning-section-aero","status":"publish","type":"page","link":"http:\/\/www.europilote.eu\/WPress\/planning-section-aero\/","title":{"rendered":"Planning Section A\u00e9ro"},"content":{"rendered":"\t\t<div data-elementor-type=\"wp-post\" data-elementor-id=\"3069\" class=\"elementor elementor-3069\">\n\t\t\t\t\t\t<div class=\"elementor-inner\">\n\t\t\t\t<div class=\"elementor-section-wrap\">\n\t\t\t\t\t\t\t\t\t<section class=\"elementor-section elementor-top-section elementor-element elementor-element-be431e1 elementor-section-boxed elementor-section-height-default elementor-section-height-default\" data-id=\"be431e1\" data-element_type=\"section\">\n\t\t\t\t\t\t<div class=\"elementor-container elementor-column-gap-default\">\n\t\t\t\t\t\t\t<div class=\"elementor-row\">\n\t\t\t\t\t<div class=\"elementor-column elementor-col-100 elementor-top-column elementor-element elementor-element-90e6991\" data-id=\"90e6991\" data-element_type=\"column\">\n\t\t\t<div class=\"elementor-column-wrap elementor-element-populated\">\n\t\t\t\t\t\t\t<div class=\"elementor-widget-wrap\">\n\t\t\t\t\t\t<div class=\"elementor-element elementor-element-a0b2ee1 elementor-widget elementor-widget-heading\" data-id=\"a0b2ee1\" data-element_type=\"widget\" data-widget_type=\"heading.default\">\n\t\t\t\t<div class=\"elementor-widget-container\">\n\t\t\t<h2 class=\"elementor-heading-title elementor-size-default\">Organisation type <br>de la <b>Section A\u00e9ro<\/b><\/h2>\t\t<\/div>\n\t\t\t\t<\/div>\n\t\t\t\t\t\t<\/div>\n\t\t\t\t\t<\/div>\n\t\t<\/div>\n\t\t\t\t\t\t\t\t<\/div>\n\t\t\t\t\t<\/div>\n\t\t<\/section>\n\t\t\t\t<section class=\"elementor-section elementor-top-section elementor-element elementor-element-d1de965 elementor-section-boxed elementor-section-height-default elementor-section-height-default\" data-id=\"d1de965\" data-element_type=\"section\">\n\t\t\t\t\t\t<div class=\"elementor-container elementor-column-gap-default\">\n\t\t\t\t\t\t\t<div class=\"elementor-row\">\n\t\t\t\t\t<div class=\"elementor-column elementor-col-100 elementor-top-column elementor-element elementor-element-3d5128c\" data-id=\"3d5128c\" data-element_type=\"column\">\n\t\t\t<div class=\"elementor-column-wrap elementor-element-populated\">\n\t\t\t\t\t\t\t<div class=\"elementor-widget-wrap\">\n\t\t\t\t\t\t<div class=\"elementor-element elementor-element-fdcc5ae elementor-widget elementor-widget-spacer\" data-id=\"fdcc5ae\" data-element_type=\"widget\" data-widget_type=\"spacer.default\">\n\t\t\t\t<div class=\"elementor-widget-container\">\n\t\t\t\t\t<div class=\"elementor-spacer\">\n\t\t\t<div class=\"elementor-spacer-inner\"><\/div>\n\t\t<\/div>\n\t\t\t\t<\/div>\n\t\t\t\t<\/div>\n\t\t\t\t\t\t<\/div>\n\t\t\t\t\t<\/div>\n\t\t<\/div>\n\t\t\t\t\t\t\t\t<\/div>\n\t\t\t\t\t<\/div>\n\t\t<\/section>\n\t\t\t\t<section class=\"elementor-section elementor-top-section elementor-element elementor-element-34eb995 elementor-section-boxed elementor-section-height-default elementor-section-height-default\" data-id=\"34eb995\" data-element_type=\"section\">\n\t\t\t\t\t\t<div class=\"elementor-container elementor-column-gap-default\">\n\t\t\t\t\t\t\t<div class=\"elementor-row\">\n\t\t\t\t\t<div class=\"elementor-column elementor-col-66 elementor-top-column elementor-element elementor-element-dc9b1e0\" data-id=\"dc9b1e0\" data-element_type=\"column\">\n\t\t\t<div class=\"elementor-column-wrap elementor-element-populated\">\n\t\t\t\t\t\t\t<div class=\"elementor-widget-wrap\">\n\t\t\t\t\t\t<div class=\"elementor-element elementor-element-af78d2b elementor-widget elementor-widget-toggle\" data-id=\"af78d2b\" data-element_type=\"widget\" data-widget_type=\"toggle.default\">\n\t\t\t\t<div class=\"elementor-widget-container\">\n\t\t\t\t\t<div class=\"elementor-toggle\" role=\"tablist\">\n\t\t\t\t\t\t\t<div class=\"elementor-toggle-item\">\n\t\t\t\t\t<div id=\"elementor-tab-title-1831\" class=\"elementor-tab-title\" data-tab=\"1\" role=\"tab\" aria-controls=\"elementor-tab-content-1831\" aria-expanded=\"false\">\n\t\t\t\t\t\t\t\t\t\t\t\t<span class=\"elementor-toggle-icon elementor-toggle-icon-left\" aria-hidden=\"true\">\n\t\t\t\t\t\t\t\t\t\t\t\t\t\t\t<span class=\"elementor-toggle-icon-closed\"><i class=\"fas fa-caret-right\"><\/i><\/span>\n\t\t\t\t\t\t\t\t<span class=\"elementor-toggle-icon-opened\"><i class=\"elementor-toggle-icon-opened fas fa-caret-up\"><\/i><\/span>\n\t\t\t\t\t\t\t\t\t\t\t\t\t<\/span>\n\t\t\t\t\t\t\t\t\t\t\t\t<a href=\"\" class=\"elementor-toggle-title\">Planning mercredi 1\u00e8re ann\u00e9e<\/a>\n\t\t\t\t\t<\/div>\n\n\t\t\t\t\t<div id=\"elementor-tab-content-1831\" class=\"elementor-tab-content elementor-clearfix\" data-tab=\"1\" role=\"tabpanel\" aria-labelledby=\"elementor-tab-title-1831\"><ul><li>14h00 : 1 semaine sur 2, accueil des \u00e9l\u00e8ves-pilotes en groupes de 5, Atelier m\u00e9dia (films et documentaires sur l&rsquo;aviation, ing\u00e9nieurie LEGO, biblioth\u00e8que, ludoth\u00e8que&#8230;)<\/li><li>14h30 : Briefing de la le\u00e7on sur simulateur<\/li><li>15h00 : Exercices individuels sur simulateur<\/li><li>16h15 : Auto\u00e9valuation<\/li><li>16h30 : Atelier dirig\u00e9 (m\u00e9t\u00e9orologie, radio, m\u00e9canique du vol, r\u00e8glementation a\u00e9rienne, histoire de l&rsquo;aviation&#8230;)<\/li><li>17h15\/30 : fin<\/li><\/ul><\/div>\n\t\t\t\t<\/div>\n\t\t\t\t\t\t\t<div class=\"elementor-toggle-item\">\n\t\t\t\t\t<div id=\"elementor-tab-title-1832\" class=\"elementor-tab-title\" data-tab=\"2\" role=\"tab\" aria-controls=\"elementor-tab-content-1832\" aria-expanded=\"false\">\n\t\t\t\t\t\t\t\t\t\t\t\t<span class=\"elementor-toggle-icon elementor-toggle-icon-left\" aria-hidden=\"true\">\n\t\t\t\t\t\t\t\t\t\t\t\t\t\t\t<span class=\"elementor-toggle-icon-closed\"><i class=\"fas fa-caret-right\"><\/i><\/span>\n\t\t\t\t\t\t\t\t<span class=\"elementor-toggle-icon-opened\"><i class=\"elementor-toggle-icon-opened fas fa-caret-up\"><\/i><\/span>\n\t\t\t\t\t\t\t\t\t\t\t\t\t<\/span>\n\t\t\t\t\t\t\t\t\t\t\t\t<a href=\"\" class=\"elementor-toggle-title\">Planning 2\u00e8me ann\u00e9e (samedis)<\/a>\n\t\t\t\t\t<\/div>\n\n\t\t\t\t\t<div id=\"elementor-tab-content-1832\" class=\"elementor-tab-content elementor-clearfix\" data-tab=\"2\" role=\"tabpanel\" aria-labelledby=\"elementor-tab-title-1832\"><ul><li>9h20 : Accueil des \u00e9l\u00e8ves-pilotes, partage en groupes de 3<\/li><li>9h30 : Briefing le\u00e7on sur simulateur<\/li><li>9h45 : le\u00e7ons individuelles sur simulateur<\/li><li>10h20 : auto\u00e9valuation<\/li><li>10h30 : cours th\u00e9orique<\/li><li>11h30 : ateliers m\u00e9dia (simulateurs de loisir, r\u00e9alit\u00e9 virtuelle, vid\u00e9oth\u00e8que, biblioth\u00e8que&#8230;)<\/li><li>12h30 : fin<\/li><\/ul><\/div>\n\t\t\t\t<\/div>\n\t\t\t\t\t\t\t<div class=\"elementor-toggle-item\">\n\t\t\t\t\t<div id=\"elementor-tab-title-1833\" class=\"elementor-tab-title\" data-tab=\"3\" role=\"tab\" aria-controls=\"elementor-tab-content-1833\" aria-expanded=\"false\">\n\t\t\t\t\t\t\t\t\t\t\t\t<span class=\"elementor-toggle-icon elementor-toggle-icon-left\" aria-hidden=\"true\">\n\t\t\t\t\t\t\t\t\t\t\t\t\t\t\t<span class=\"elementor-toggle-icon-closed\"><i class=\"fas fa-caret-right\"><\/i><\/span>\n\t\t\t\t\t\t\t\t<span class=\"elementor-toggle-icon-opened\"><i class=\"elementor-toggle-icon-opened fas fa-caret-up\"><\/i><\/span>\n\t\t\t\t\t\t\t\t\t\t\t\t\t<\/span>\n\t\t\t\t\t\t\t\t\t\t\t\t<a href=\"\" class=\"elementor-toggle-title\">Planning 3\u00e8me ann\u00e9e \"\u00e0 la carte\"<\/a>\n\t\t\t\t\t<\/div>\n\n\t\t\t\t\t<div id=\"elementor-tab-content-1833\" class=\"elementor-tab-content elementor-clearfix\" data-tab=\"3\" role=\"tabpanel\" aria-labelledby=\"elementor-tab-title-1833\"><p>En d\u00e9but d&rsquo;ann\u00e9e, choix de 4 plages horaires sur 14 mercredis apr\u00e8s-midi ou samedis matin (planning \u00ab\u00a0\u00e0 la carte\u00a0\u00bb) et de cours optionnels BIA-ULM<\/p><ul><li>13h30 ou 8h30 ou 17h30 ou 12h30 : Briefing le\u00e7on sur simulateur suivi d&rsquo;exercices<\/li><li>14h30 ou 9h30 ou 15h30 : Cours th\u00e9orique approfondi<\/li><li>15h30 ou 10h30 : Entra\u00eenement brevet th\u00e9orique (QCM, A\u00e9rogligli)<\/li><li>11h30 : Cours sp\u00e9cifique BIA-ULM<\/li><\/ul><\/div>\n\t\t\t\t<\/div>\n\t\t\t\t\t\t\t\t<\/div>\n\t\t\t\t<\/div>\n\t\t\t\t<\/div>\n\t\t\t\t<div class=\"elementor-element elementor-element-004757a elementor-widget elementor-widget-toggle\" data-id=\"004757a\" data-element_type=\"widget\" data-widget_type=\"toggle.default\">\n\t\t\t\t<div class=\"elementor-widget-container\">\n\t\t\t\t\t<div class=\"elementor-toggle\" role=\"tablist\">\n\t\t\t\t\t\t\t<div class=\"elementor-toggle-item\">\n\t\t\t\t\t<div id=\"elementor-tab-title-2921\" class=\"elementor-tab-title\" data-tab=\"1\" role=\"tab\" aria-controls=\"elementor-tab-content-2921\" aria-expanded=\"false\">\n\t\t\t\t\t\t\t\t\t\t\t\t<span class=\"elementor-toggle-icon elementor-toggle-icon-left\" aria-hidden=\"true\">\n\t\t\t\t\t\t\t\t\t\t\t\t\t\t\t<span class=\"elementor-toggle-icon-closed\"><i class=\"fas fa-caret-right\"><\/i><\/span>\n\t\t\t\t\t\t\t\t<span class=\"elementor-toggle-icon-opened\"><i class=\"elementor-toggle-icon-opened fas fa-caret-up\"><\/i><\/span>\n\t\t\t\t\t\t\t\t\t\t\t\t\t<\/span>\n\t\t\t\t\t\t\t\t\t\t\t\t<a href=\"\" class=\"elementor-toggle-title\">Planning mercredi 1\u00e8re ann\u00e9e<\/a>\n\t\t\t\t\t<\/div>\n\n\t\t\t\t\t<div id=\"elementor-tab-content-2921\" class=\"elementor-tab-content elementor-clearfix\" data-tab=\"1\" role=\"tabpanel\" aria-labelledby=\"elementor-tab-title-2921\"><ul>\n<li>14h00 : Accueil des \u00e9l\u00e8ves-pilotes, partage en groupes de 3 ou 4,&nbsp;<\/li>\n<li>14h30 : Briefing le\u00e7on sur simulateur<\/li>\n<li>14h45 : Exercices individuels sur simulateur<\/li>\n<li>15h20 : Auto\u00e9valuation<\/li>\n<li>15h30 : Atelier dirig\u00e9 (m\u00e9t\u00e9orologie, radio, m\u00e9canique du vol, r\u00e8glementation a\u00e9rienne, histoire de l&rsquo;aviation&#8230;)<\/li>\n<li>16h30 : Atelier m\u00e9dia (films et documentaires sur l&rsquo;aviation, exp\u00e9riences de r\u00e9alit\u00e9 virtuelle (VR), ing\u00e9nieurie LEGO, biblioth\u00e8que, ludoth\u00e8que&#8230;)<\/li>\n<li>17h30 : fin<\/li>\n<\/ul><\/div>\n\t\t\t\t<\/div>\n\t\t\t\t\t\t\t<div class=\"elementor-toggle-item\">\n\t\t\t\t\t<div id=\"elementor-tab-title-2922\" class=\"elementor-tab-title\" data-tab=\"2\" role=\"tab\" aria-controls=\"elementor-tab-content-2922\" aria-expanded=\"false\">\n\t\t\t\t\t\t\t\t\t\t\t\t<span class=\"elementor-toggle-icon elementor-toggle-icon-left\" aria-hidden=\"true\">\n\t\t\t\t\t\t\t\t\t\t\t\t\t\t\t<span class=\"elementor-toggle-icon-closed\"><i class=\"fas fa-caret-right\"><\/i><\/span>\n\t\t\t\t\t\t\t\t<span class=\"elementor-toggle-icon-opened\"><i class=\"elementor-toggle-icon-opened fas fa-caret-up\"><\/i><\/span>\n\t\t\t\t\t\t\t\t\t\t\t\t\t<\/span>\n\t\t\t\t\t\t\t\t\t\t\t\t<a href=\"\" class=\"elementor-toggle-title\">Planning 2\u00e8me ann\u00e9e<\/a>\n\t\t\t\t\t<\/div>\n\n\t\t\t\t\t<div id=\"elementor-tab-content-2922\" class=\"elementor-tab-content elementor-clearfix\" data-tab=\"2\" role=\"tabpanel\" aria-labelledby=\"elementor-tab-title-2922\"><ul><li>9h20 : Accueil des \u00e9l\u00e8ves-pilotes, partage en groupes de 3<\/li><li>9h30 : Briefing le\u00e7on sur simulateur<\/li><li>9h45 : le\u00e7ons individuelles sur simulateur<\/li><li>10h20 : auto\u00e9valuation<\/li><li>10h30 : cours th\u00e9orique<\/li><li>11h30 : ateliers m\u00e9dia (simulateurs de loisir, r\u00e9alit\u00e9 virtuelle, vid\u00e9oth\u00e8que, biblioth\u00e8que&#8230;)<\/li><li>12h30 : fin<\/li><\/ul><\/div>\n\t\t\t\t<\/div>\n\t\t\t\t\t\t\t<div class=\"elementor-toggle-item\">\n\t\t\t\t\t<div id=\"elementor-tab-title-2923\" class=\"elementor-tab-title\" data-tab=\"3\" role=\"tab\" aria-controls=\"elementor-tab-content-2923\" aria-expanded=\"false\">\n\t\t\t\t\t\t\t\t\t\t\t\t<span class=\"elementor-toggle-icon elementor-toggle-icon-left\" aria-hidden=\"true\">\n\t\t\t\t\t\t\t\t\t\t\t\t\t\t\t<span class=\"elementor-toggle-icon-closed\"><i class=\"fas fa-caret-right\"><\/i><\/span>\n\t\t\t\t\t\t\t\t<span class=\"elementor-toggle-icon-opened\"><i class=\"elementor-toggle-icon-opened fas fa-caret-up\"><\/i><\/span>\n\t\t\t\t\t\t\t\t\t\t\t\t\t<\/span>\n\t\t\t\t\t\t\t\t\t\t\t\t<a href=\"\" class=\"elementor-toggle-title\">Planning 3\u00e8me ann\u00e9e \"\u00e0 la carte\"<\/a>\n\t\t\t\t\t<\/div>\n\n\t\t\t\t\t<div id=\"elementor-tab-content-2923\" class=\"elementor-tab-content elementor-clearfix\" data-tab=\"3\" role=\"tabpanel\" aria-labelledby=\"elementor-tab-title-2923\"><p>En d\u00e9but d&rsquo;ann\u00e9e, choix de 4 plages horaires sur 14 mercredis apr\u00e8s-midi ou samedis matin (planning \u00ab\u00a0\u00e0 la carte\u00a0\u00bb) et de cours optionnels BIA-ULM<\/p><ul><li>13h30 ou 8h30 ou 17h30 ou 12h30 : Briefing le\u00e7on sur simulateur suivi d&rsquo;exercices<\/li><li>14h30 ou 9h30 ou 15h30 : Cours th\u00e9orique approfondi<\/li><li>15h30 ou 10h30 : Entra\u00eenement brevet th\u00e9orique (QCM, A\u00e9rogligli)<\/li><li>11h30 : Cours sp\u00e9cifique BIA-ULM<\/li><\/ul><\/div>\n\t\t\t\t<\/div>\n\t\t\t\t\t\t\t\t<\/div>\n\t\t\t\t<\/div>\n\t\t\t\t<\/div>\n\t\t\t\t\t\t<\/div>\n\t\t\t\t\t<\/div>\n\t\t<\/div>\n\t\t\t\t<div class=\"elementor-column elementor-col-33 elementor-top-column elementor-element elementor-element-498e093\" data-id=\"498e093\" data-element_type=\"column\">\n\t\t\t<div class=\"elementor-column-wrap elementor-element-populated\">\n\t\t\t\t\t\t\t<div class=\"elementor-widget-wrap\">\n\t\t\t\t\t\t<div class=\"elementor-element elementor-element-204a0cb elementor-widget elementor-widget-image\" data-id=\"204a0cb\" data-element_type=\"widget\" data-widget_type=\"image.default\">\n\t\t\t\t<div class=\"elementor-widget-container\">\n\t\t\t\t\t\t\t\t<div class=\"elementor-image\">\n\t\t\t\t\t\t\t\t\t\t\t\t<img decoding=\"async\" width=\"250\" height=\"141\" src=\"http:\/\/www.europilote.eu\/WPress\/wp-content\/uploads\/2015\/12\/bloggif_58d2c1a683e7f.gif\" class=\"attachment-large size-large\" alt=\"\" loading=\"lazy\" \/>\t\t\t\t\t\t\t\t\t\t\t\t\t\t<\/div>\n\t\t\t\t\t\t<\/div>\n\t\t\t\t<\/div>\n\t\t\t\t<div class=\"elementor-element elementor-element-c1e0acc elementor-widget elementor-widget-image\" data-id=\"c1e0acc\" data-element_type=\"widget\" data-widget_type=\"image.default\">\n\t\t\t\t<div class=\"elementor-widget-container\">\n\t\t\t\t\t\t\t\t<div class=\"elementor-image\">\n\t\t\t\t\t\t\t\t\t\t\t\t<img decoding=\"async\" width=\"600\" height=\"338\" src=\"http:\/\/www.europilote.eu\/WPress\/wp-content\/uploads\/2018\/08\/g_sim.gif\" class=\"attachment-large size-large\" alt=\"\" loading=\"lazy\" \/>\t\t\t\t\t\t\t\t\t\t\t\t\t\t<\/div>\n\t\t\t\t\t\t<\/div>\n\t\t\t\t<\/div>\n\t\t\t\t<div class=\"elementor-element elementor-element-60e175d elementor-widget elementor-widget-image\" data-id=\"60e175d\" data-element_type=\"widget\" data-widget_type=\"image.default\">\n\t\t\t\t<div class=\"elementor-widget-container\">\n\t\t\t\t\t\t\t\t<div class=\"elementor-image\">\n\t\t\t\t\t\t\t\t\t\t\t\t<img decoding=\"async\" width=\"750\" height=\"563\" src=\"http:\/\/www.europilote.eu\/WPress\/wp-content\/uploads\/2018\/08\/IMG_4483-1024x768.jpg\" class=\"attachment-large size-large\" alt=\"\" loading=\"lazy\" srcset=\"http:\/\/www.europilote.eu\/WPress\/wp-content\/uploads\/2018\/08\/IMG_4483-1024x768.jpg 1024w, http:\/\/www.europilote.eu\/WPress\/wp-content\/uploads\/2018\/08\/IMG_4483-300x225.jpg 300w, http:\/\/www.europilote.eu\/WPress\/wp-content\/uploads\/2018\/08\/IMG_4483-768x576.jpg 768w\" sizes=\"(max-width: 750px) 100vw, 750px\" \/>\t\t\t\t\t\t\t\t\t\t\t\t\t\t<\/div>\n\t\t\t\t\t\t<\/div>\n\t\t\t\t<\/div>\n\t\t\t\t<div class=\"elementor-element elementor-element-64deca9 elementor-widget elementor-widget-image\" data-id=\"64deca9\" data-element_type=\"widget\" data-widget_type=\"image.default\">\n\t\t\t\t<div class=\"elementor-widget-container\">\n\t\t\t\t\t\t\t\t<div class=\"elementor-image\">\n\t\t\t\t\t\t\t\t\t\t\t\t<img decoding=\"async\" width=\"750\" height=\"552\" src=\"http:\/\/www.europilote.eu\/WPress\/wp-content\/uploads\/2018\/10\/IMG_6769-1024x753.jpg\" class=\"attachment-large size-large\" alt=\"\" loading=\"lazy\" srcset=\"http:\/\/www.europilote.eu\/WPress\/wp-content\/uploads\/2018\/10\/IMG_6769-1024x753.jpg 1024w, http:\/\/www.europilote.eu\/WPress\/wp-content\/uploads\/2018\/10\/IMG_6769-150x110.jpg 150w, http:\/\/www.europilote.eu\/WPress\/wp-content\/uploads\/2018\/10\/IMG_6769-300x221.jpg 300w, http:\/\/www.europilote.eu\/WPress\/wp-content\/uploads\/2018\/10\/IMG_6769-768x565.jpg 768w\" sizes=\"(max-width: 750px) 100vw, 750px\" \/>\t\t\t\t\t\t\t\t\t\t\t\t\t\t<\/div>\n\t\t\t\t\t\t<\/div>\n\t\t\t\t<\/div>\n\t\t\t\t\t\t<\/div>\n\t\t\t\t\t<\/div>\n\t\t<\/div>\n\t\t\t\t\t\t\t\t<\/div>\n\t\t\t\t\t<\/div>\n\t\t<\/section>\n\t\t\t\t\t\t\t\t\t<\/div>\n\t\t\t<\/div>\n\t\t\t\t\t<\/div>\n\t\t","protected":false},"excerpt":{"rendered":"<p>Organisation type de la Section A\u00e9ro Planning mercredi 1\u00e8re ann\u00e9e 14h00 : 1 semaine sur 2, accueil des \u00e9l\u00e8ves-pilotes en groupes de 5, Atelier m\u00e9dia (films et documentaires sur l&rsquo;aviation, ing\u00e9nieurie LEGO, biblioth\u00e8que, ludoth\u00e8que&#8230;) 14h30<a class=\"moretag\" href=\"http:\/\/www.europilote.eu\/WPress\/planning-section-aero\/\"> Lire la suite&hellip;<\/a><\/p>\n","protected":false},"author":13,"featured_media":0,"parent":0,"menu_order":0,"comment_status":"closed","ping_status":"closed","template":"","meta":{"_bbp_topic_count":0,"_bbp_reply_count":0,"_bbp_total_topic_count":0,"_bbp_total_reply_count":0,"_bbp_voice_count":0,"_bbp_anonymous_reply_count":0,"_bbp_topic_count_hidden":0,"_bbp_reply_count_hidden":0,"_bbp_forum_subforum_count":0},"_links":{"self":[{"href":"http:\/\/www.europilote.eu\/WPress\/wp-json\/wp\/v2\/pages\/3069"}],"collection":[{"href":"http:\/\/www.europilote.eu\/WPress\/wp-json\/wp\/v2\/pages"}],"about":[{"href":"http:\/\/www.europilote.eu\/WPress\/wp-json\/wp\/v2\/types\/page"}],"author":[{"embeddable":true,"href":"http:\/\/www.europilote.eu\/WPress\/wp-json\/wp\/v2\/users\/13"}],"replies":[{"embeddable":true,"href":"http:\/\/www.europilote.eu\/WPress\/wp-json\/wp\/v2\/comments?post=3069"}],"version-history":[{"count":23,"href":"http:\/\/www.europilote.eu\/WPress\/wp-json\/wp\/v2\/pages\/3069\/revisions"}],"predecessor-version":[{"id":9233,"href":"http:\/\/www.europilote.eu\/WPress\/wp-json\/wp\/v2\/pages\/3069\/revisions\/9233"}],"wp:attachment":[{"href":"http:\/\/www.europilote.eu\/WPress\/wp-json\/wp\/v2\/media?parent=3069"}],"curies":[{"name":"wp","href":"https:\/\/api.w.org\/{rel}","templated":true}]}}