{"id":2936,"date":"2018-08-16T09:19:42","date_gmt":"2018-08-16T08:19:42","guid":{"rendered":"http:\/\/www.europilote.eu\/WPress\/?page_id=2936"},"modified":"2018-09-03T17:48:04","modified_gmt":"2018-09-03T16:48:04","slug":"forum-section-aero-beta","status":"publish","type":"page","link":"http:\/\/www.europilote.eu\/WPress\/forum-section-aero-beta\/","title":{"rendered":"Forum Section A\u00e9ro (B\u00e9ta)"},"content":{"rendered":"\n<div id=\"bbpress-forums\" class=\"bbpress-wrapper\">\n\n\t\n\t<div class=\"bbp-search-form\">\n\t\t<form role=\"search\" method=\"get\" id=\"bbp-search-form\">\n\t\t\t<div>\n\t\t\t\t<label class=\"screen-reader-text hidden\" for=\"bbp_search\">Rechercher<\/label>\n\t\t\t\t<input type=\"hidden\" name=\"action\" value=\"bbp-search-request\" \/>\n\t\t\t\t<input type=\"text\" value=\"\" name=\"bbp_search\" id=\"bbp_search\" \/>\n\t\t\t\t<input class=\"button\" type=\"submit\" id=\"bbp_search_submit\" value=\"Rechercher\" \/>\n\t\t\t<\/div>\n\t\t<\/form>\n\t<\/div>\n\n\n\t<div class=\"bbp-breadcrumb\"><p><a href=\"http:\/\/www.europilote.eu\/WPress\" class=\"bbp-breadcrumb-home\">Accueil<\/a> <span class=\"bbp-breadcrumb-sep\">&rsaquo;<\/span> <span class=\"bbp-breadcrumb-current\">Forums<\/span><\/p><\/div>\n\t\n\t\n\t\n\t\t\n<ul id=\"forums-list-0\" class=\"bbp-forums\">\n\n\t<li class=\"bbp-header\">\n\n\t\t<ul class=\"forum-titles\">\n\t\t\t<li class=\"bbp-forum-info\">Forum<\/li>\n\t\t\t<li class=\"bbp-forum-topic-count\">Sujets<\/li>\n\t\t\t<li class=\"bbp-forum-reply-count\">Messages<\/li>\n\t\t\t<li class=\"bbp-forum-freshness\">Derni\u00e8re publication<\/li>\n\t\t<\/ul>\n\n\t<\/li><!-- .bbp-header -->\n\n\t<li class=\"bbp-body\">\n\n\t\t\n\t\t\t\n<ul id=\"bbp-forum-2934\" class=\"loop-item-0 bbp-forum-status-closed bbp-forum-visibility-publish odd  bbp-has-subforums post-2934 forum type-forum status-publish hentry\">\n\t<li class=\"bbp-forum-info\">\n\n\t\t\n\t\t\n\t\t<a class=\"bbp-forum-title\" href=\"http:\/\/www.europilote.eu\/WPress\/forums\/forum\/forum-de-la-section-aero-beta\/\">Forum de la Section A\u00e9ro (B\u00e9ta)<\/a>\n\n\t\t\n\t\t\n\t\t<div class=\"bbp-forum-content\">Bienvenue sur le forum de la Section A\u00e9ro, d\u00e9di\u00e9 \u00e0 partager des sujets d'int\u00e9r\u00eat a\u00e9ronautique entre les membres de la Section A\u00e9ro - La Perverie.\r\n\r\nCe forum est en cours de test, il ne sera compl\u00e8tement ouvert qu'\u00e0 l'issu du test.\r\n\r\nDans un premier temps, un seul sujet est accessible : CQM a\u00e9ro. Ce sujet est d\u00e9di\u00e9 \u00e0 l'entraide entre \u00e9l\u00e8ves-pilotes et instructeurs de la Section A\u00e9ro sur les explications et r\u00e9ponses aux QCM du th\u00e9orique ULM multiaxes.<\/div>\n\n\t\t\n\t\t\n\t\t<ul class=\"bbp-forums-list\"><li class=\"bbp-forum css-sep\"><a href=\"http:\/\/www.europilote.eu\/WPress\/forums\/forum\/forum-de-la-section-aero-beta\/qcm-aero-ulm-multiaxes\/\" class=\"bbp-forum-link\">QCM a\u00e9ro (ULM multiaxes) (0, 0)<\/a><\/li><\/ul>\n\t\t\n\t\t\n\t<\/li>\n\n\t<li class=\"bbp-forum-topic-count\">1<\/li>\n\n\t<li class=\"bbp-forum-reply-count\">1<\/li>\n\n\t<li class=\"bbp-forum-freshness\">\n\n\t\t\n\t\t<a href=\"http:\/\/www.europilote.eu\/WPress\/forums\/topic\/question-test-1\/\" title=\"question test 1\">il y a 7 ann\u00e9es et 9 mois<\/a>\n\t\t\n\t\t<p class=\"bbp-topic-meta\">\n\n\t\t\t\n\t\t\t<span class=\"bbp-topic-freshness-author\"><a href=\"http:\/\/www.europilote.eu\/WPress\/forums\/users\/laurentbrs\/\" title=\"Voir le profil de Laurent BORSIER\" class=\"bbp-author-link\"><span  class=\"bbp-author-avatar\"><img alt='' src='http:\/\/1.gravatar.com\/avatar\/d482dad8ab3925adadb75935defcb912?s=14&#038;d=mm&#038;r=g' srcset='http:\/\/1.gravatar.com\/avatar\/d482dad8ab3925adadb75935defcb912?s=28&#038;d=mm&#038;r=g 2x' class='avatar avatar-14 photo' height='14' width='14' loading='lazy' decoding='async'\/><\/span><span  class=\"bbp-author-name\">Laurent BORSIER<\/span><\/a><\/span>\n\n\t\t\t\n\t\t<\/p>\n\t<\/li>\n<\/ul><!-- #bbp-forum-2934 -->\n\n\t\t\n\t<\/li><!-- .bbp-body -->\n\n\t<li class=\"bbp-footer\">\n\n\t\t<div class=\"tr\">\n\t\t\t<p class=\"td colspan4\">&nbsp;<\/p>\n\t\t<\/div><!-- .tr -->\n\n\t<\/li><!-- .bbp-footer -->\n\n<\/ul><!-- .forums-directory -->\n\n\n\t\n\t\n<\/div>\n\n","protected":false},"excerpt":{"rendered":"","protected":false},"author":13,"featured_media":0,"parent":0,"menu_order":0,"comment_status":"closed","ping_status":"closed","template":"","meta":{"_bbp_topic_count":0,"_bbp_reply_count":0,"_bbp_total_topic_count":0,"_bbp_total_reply_count":0,"_bbp_voice_count":0,"_bbp_anonymous_reply_count":0,"_bbp_topic_count_hidden":0,"_bbp_reply_count_hidden":0,"_bbp_forum_subforum_count":0},"_links":{"self":[{"href":"http:\/\/www.europilote.eu\/WPress\/wp-json\/wp\/v2\/pages\/2936"}],"collection":[{"href":"http:\/\/www.europilote.eu\/WPress\/wp-json\/wp\/v2\/pages"}],"about":[{"href":"http:\/\/www.europilote.eu\/WPress\/wp-json\/wp\/v2\/types\/page"}],"author":[{"embeddable":true,"href":"http:\/\/www.europilote.eu\/WPress\/wp-json\/wp\/v2\/users\/13"}],"replies":[{"embeddable":true,"href":"http:\/\/www.europilote.eu\/WPress\/wp-json\/wp\/v2\/comments?post=2936"}],"version-history":[{"count":1,"href":"http:\/\/www.europilote.eu\/WPress\/wp-json\/wp\/v2\/pages\/2936\/revisions"}],"predecessor-version":[{"id":2941,"href":"http:\/\/www.europilote.eu\/WPress\/wp-json\/wp\/v2\/pages\/2936\/revisions\/2941"}],"wp:attachment":[{"href":"http:\/\/www.europilote.eu\/WPress\/wp-json\/wp\/v2\/media?parent=2936"}],"curies":[{"name":"wp","href":"https:\/\/api.w.org\/{rel}","templated":true}]}}