{"id":2391,"date":"2018-07-19T16:47:51","date_gmt":"2018-07-19T15:47:51","guid":{"rendered":"http:\/\/www.europilote.eu\/WPress\/?page_id=2391"},"modified":"2022-02-04T11:51:29","modified_gmt":"2022-02-04T10:51:29","slug":"conditions","status":"publish","type":"page","link":"http:\/\/www.europilote.eu\/WPress\/conditions\/","title":{"rendered":"Conditions"},"content":{"rendered":"\t\t<div data-elementor-type=\"wp-post\" data-elementor-id=\"2391\" class=\"elementor elementor-2391 elementor-bc-flex-widget\">\n\t\t\t\t\t\t<div class=\"elementor-inner\">\n\t\t\t\t<div class=\"elementor-section-wrap\">\n\t\t\t\t\t\t\t\t\t<section class=\"elementor-section elementor-top-section elementor-element elementor-element-c276de7 elementor-section-boxed elementor-section-height-default elementor-section-height-default\" data-id=\"c276de7\" data-element_type=\"section\">\n\t\t\t\t\t\t<div class=\"elementor-container elementor-column-gap-default\">\n\t\t\t\t\t\t\t<div class=\"elementor-row\">\n\t\t\t\t\t<div class=\"elementor-column elementor-col-100 elementor-top-column elementor-element elementor-element-7dcc2ef\" data-id=\"7dcc2ef\" data-element_type=\"column\">\n\t\t\t<div class=\"elementor-column-wrap elementor-element-populated\">\n\t\t\t\t\t\t\t<div class=\"elementor-widget-wrap\">\n\t\t\t\t\t\t<div class=\"elementor-element elementor-element-5319eec elementor-widget elementor-widget-heading\" data-id=\"5319eec\" data-element_type=\"widget\" data-widget_type=\"heading.default\">\n\t\t\t\t<div class=\"elementor-widget-container\">\n\t\t\t<h2 class=\"elementor-heading-title elementor-size-default\">Actualit\u00e9s associatives<\/h2>\t\t<\/div>\n\t\t\t\t<\/div>\n\t\t\t\t\t\t<\/div>\n\t\t\t\t\t<\/div>\n\t\t<\/div>\n\t\t\t\t\t\t\t\t<\/div>\n\t\t\t\t\t<\/div>\n\t\t<\/section>\n\t\t\t\t<section class=\"elementor-section elementor-top-section elementor-element elementor-element-788546c elementor-section-boxed elementor-section-height-default elementor-section-height-default\" data-id=\"788546c\" data-element_type=\"section\">\n\t\t\t\t\t\t<div class=\"elementor-container elementor-column-gap-default\">\n\t\t\t\t\t\t\t<div class=\"elementor-row\">\n\t\t\t\t\t<div class=\"elementor-column elementor-col-100 elementor-top-column elementor-element elementor-element-b9cbd6d\" data-id=\"b9cbd6d\" data-element_type=\"column\">\n\t\t\t<div class=\"elementor-column-wrap elementor-element-populated\">\n\t\t\t\t\t\t\t<div class=\"elementor-widget-wrap\">\n\t\t\t\t\t\t<div class=\"elementor-element elementor-element-9754d4a elementor-widget elementor-widget-text-editor\" data-id=\"9754d4a\" data-element_type=\"widget\" data-widget_type=\"text-editor.default\">\n\t\t\t\t<div class=\"elementor-widget-container\">\n\t\t\t\t\t\t\t\t<div class=\"elementor-text-editor elementor-clearfix\">\n\t\t\t\t<p>Vous trouverez ci-dessous le compte-rendu de l&rsquo;Asssembl\u00e9e G\u00e9n\u00e9rale Ordinaire d&rsquo;EUROPILOTE.EU pour l&rsquo;exercice 2020\/21 qui s&rsquo;est tenue le mercredi 2 f\u00e9vrier 2022.<\/p>\t\t\t\t\t<\/div>\n\t\t\t\t\t\t<\/div>\n\t\t\t\t<\/div>\n\t\t\t\t\t\t<\/div>\n\t\t\t\t\t<\/div>\n\t\t<\/div>\n\t\t\t\t\t\t\t\t<\/div>\n\t\t\t\t\t<\/div>\n\t\t<\/section>\n\t\t\t\t<section class=\"elementor-section elementor-top-section elementor-element elementor-element-44d3f08 elementor-section-boxed elementor-section-height-default elementor-section-height-default\" data-id=\"44d3f08\" data-element_type=\"section\">\n\t\t\t\t\t\t<div class=\"elementor-container elementor-column-gap-default\">\n\t\t\t\t\t\t\t<div class=\"elementor-row\">\n\t\t\t\t\t<div class=\"elementor-column elementor-col-100 elementor-top-column elementor-element elementor-element-2a55831\" data-id=\"2a55831\" data-element_type=\"column\">\n\t\t\t<div class=\"elementor-column-wrap elementor-element-populated\">\n\t\t\t\t\t\t\t<div class=\"elementor-widget-wrap\">\n\t\t\t\t\t\t<div class=\"elementor-element elementor-element-cce3414 elementor-widget elementor-widget-shortcode\" data-id=\"cce3414\" data-element_type=\"widget\" data-widget_type=\"shortcode.default\">\n\t\t\t\t<div class=\"elementor-widget-container\">\n\t\t\t\t\t<div class=\"elementor-shortcode\"><a href=\"http:\/\/www.europilote.eu\/WPress\/wp-content\/uploads\/2022\/02\/compte-rendu-AGO-2-fev-22.pdf\" class=\"pdfemb-viewer\" style=\"\" data-width=\"max\" data-height=\"max\"  data-toolbar=\"bottom\" data-toolbar-fixed=\"off\">compte-rendu-AGO-2-fev-22<br\/><\/a><\/div>\n\t\t\t\t<\/div>\n\t\t\t\t<\/div>\n\t\t\t\t\t\t<\/div>\n\t\t\t\t\t<\/div>\n\t\t<\/div>\n\t\t\t\t\t\t\t\t<\/div>\n\t\t\t\t\t<\/div>\n\t\t<\/section>\n\t\t\t\t\t\t\t\t\t<\/div>\n\t\t\t<\/div>\n\t\t\t\t\t<\/div>\n\t\t","protected":false},"excerpt":{"rendered":"<p>Actualit\u00e9s associatives Vous trouverez ci-dessous le compte-rendu de l&rsquo;Asssembl\u00e9e G\u00e9n\u00e9rale Ordinaire d&rsquo;EUROPILOTE.EU pour l&rsquo;exercice 2020\/21 qui s&rsquo;est tenue le mercredi 2 f\u00e9vrier 2022.<\/p>\n","protected":false},"author":13,"featured_media":0,"parent":0,"menu_order":0,"comment_status":"closed","ping_status":"closed","template":"","meta":{"_bbp_topic_count":0,"_bbp_reply_count":0,"_bbp_total_topic_count":0,"_bbp_total_reply_count":0,"_bbp_voice_count":0,"_bbp_anonymous_reply_count":0,"_bbp_topic_count_hidden":0,"_bbp_reply_count_hidden":0,"_bbp_forum_subforum_count":0},"_links":{"self":[{"href":"http:\/\/www.europilote.eu\/WPress\/wp-json\/wp\/v2\/pages\/2391"}],"collection":[{"href":"http:\/\/www.europilote.eu\/WPress\/wp-json\/wp\/v2\/pages"}],"about":[{"href":"http:\/\/www.europilote.eu\/WPress\/wp-json\/wp\/v2\/types\/page"}],"author":[{"embeddable":true,"href":"http:\/\/www.europilote.eu\/WPress\/wp-json\/wp\/v2\/users\/13"}],"replies":[{"embeddable":true,"href":"http:\/\/www.europilote.eu\/WPress\/wp-json\/wp\/v2\/comments?post=2391"}],"version-history":[{"count":3,"href":"http:\/\/www.europilote.eu\/WPress\/wp-json\/wp\/v2\/pages\/2391\/revisions"}],"predecessor-version":[{"id":6531,"href":"http:\/\/www.europilote.eu\/WPress\/wp-json\/wp\/v2\/pages\/2391\/revisions\/6531"}],"wp:attachment":[{"href":"http:\/\/www.europilote.eu\/WPress\/wp-json\/wp\/v2\/media?parent=2391"}],"curies":[{"name":"wp","href":"https:\/\/api.w.org\/{rel}","templated":true}]}}